{"id":159,"date":"2021-10-17T19:59:06","date_gmt":"2021-10-17T17:59:06","guid":{"rendered":"http:\/\/gardetanzgruppe.de\/?page_id=159"},"modified":"2026-03-01T22:14:27","modified_gmt":"2026-03-01T21:14:27","slug":"gardetanzgruppe","status":"publish","type":"page","link":"https:\/\/gardetanzgruppe.de\/?page_id=159","title":{"rendered":"Die Funtastix Kids"},"content":{"rendered":"\n<style type=\"text\/css\" data-created_by=\"avia_inline_auto\" id=\"style-css-av-9wkjj-7c8753dec048f1b750a5eeab1f17c3c3\">\n#top .hr.hr-invisible.av-9wkjj-7c8753dec048f1b750a5eeab1f17c3c3{\nheight:25px;\n}\n<\/style>\n<div  class='hr av-9wkjj-7c8753dec048f1b750a5eeab1f17c3c3 hr-invisible  avia-builder-el-0  el_before_av_one_full  avia-builder-el-first '><span class='hr-inner '><span class=\"hr-inner-style\"><\/span><\/span><\/div>\n\n<style type=\"text\/css\" data-created_by=\"avia_inline_auto\" id=\"style-css-av-9ghu7-1a10890bce5f45c5d9ad8ad63c873c1e\">\n.flex_column.av-9ghu7-1a10890bce5f45c5d9ad8ad63c873c1e{\nborder-radius:0px 0px 0px 0px;\npadding:0px 0px 0px 0px;\n}\n<\/style>\n<div  class='flex_column av-9ghu7-1a10890bce5f45c5d9ad8ad63c873c1e av_one_full  avia-builder-el-1  el_after_av_hr  el_before_av_one_full  first flex_column_div av-zero-column-padding  '     ><style type=\"text\/css\" data-created_by=\"avia_inline_auto\" id=\"style-css-av-mdm5d31x-aae7fd8eead231ae09ec9d8c5f2fcf77\">\n#top .hr.hr-invisible.av-mdm5d31x-aae7fd8eead231ae09ec9d8c5f2fcf77{\nheight:15px;\n}\n<\/style>\n<div  class='hr av-mdm5d31x-aae7fd8eead231ae09ec9d8c5f2fcf77 hr-invisible  avia-builder-el-2  avia-builder-el-no-sibling '><span class='hr-inner '><span class=\"hr-inner-style\"><\/span><\/span><\/div><\/div>\n<div  class='flex_column av-b78br-7a2c4e5b53e430db7a34daaaaab3fbeb av_one_full  avia-builder-el-3  el_after_av_one_full  el_before_av_one_half  first flex_column_div  column-top-margin'     ><style type=\"text\/css\" data-created_by=\"avia_inline_auto\" id=\"style-css-av-9nm0f-4b865fdfed012edc83a16114143620e6\">\n#top .av-special-heading.av-9nm0f-4b865fdfed012edc83a16114143620e6{\npadding-bottom:10px;\n}\nbody .av-special-heading.av-9nm0f-4b865fdfed012edc83a16114143620e6 .av-special-heading-tag .heading-char{\nfont-size:25px;\n}\n.av-special-heading.av-9nm0f-4b865fdfed012edc83a16114143620e6 .av-subheading{\nfont-size:15px;\n}\n<\/style>\n<div  class='av-special-heading av-9nm0f-4b865fdfed012edc83a16114143620e6 av-special-heading-h3  avia-builder-el-4  avia-builder-el-no-sibling '><h3 class='av-special-heading-tag '  itemprop=\"headline\"  >Gardetanzgruppe <span class='special_amp'>&#8222;<\/span>Die Funtastix Kids<span class='special_amp'>&#8220;<\/span><\/h3><div class=\"special-heading-border\"><div class=\"special-heading-inner-border\"><\/div><\/div><\/div><\/div>\n\n<style type=\"text\/css\" data-created_by=\"avia_inline_auto\" id=\"style-css-av-2a0tf-50fd138925665aa0c664be928bd49b50\">\n.flex_column.av-2a0tf-50fd138925665aa0c664be928bd49b50{\nborder-radius:0px 0px 0px 0px;\npadding:0px 0px 0px 0px;\n}\n<\/style>\n<div  class='flex_column av-2a0tf-50fd138925665aa0c664be928bd49b50 av_one_half  avia-builder-el-5  el_after_av_one_full  el_before_av_one_fourth  first flex_column_div av-zero-column-padding  column-top-margin'     ><p><div  class='avia-slideshow av-mie5xq6v-d3300df65be9f40908c3e2ce6c77d0ee avia-slideshow-no scaling av_slideshow avia-fade-slider  avia-builder-el-6  el_before_av_textblock  avia-builder-el-first  av-slideshow-ui av-control-hidden av-no-slider-navigation av-hide-nav-arrows av-slideshow-autoplay av-loop-endless av-loop-manual-endless av-default-height-applied avia-slideshow-1' data-slideshow-options=\"{&quot;animation&quot;:&quot;fade&quot;,&quot;autoplay&quot;:true,&quot;loop_autoplay&quot;:&quot;endless&quot;,&quot;interval&quot;:3,&quot;loop_manual&quot;:&quot;manual-endless&quot;,&quot;autoplay_stopper&quot;:false,&quot;noNavigation&quot;:true,&quot;bg_slider&quot;:false,&quot;keep_padding&quot;:false,&quot;hoverpause&quot;:false,&quot;show_slide_delay&quot;:0}\"  itemprop=\"image\" itemscope=\"itemscope\" itemtype=\"https:\/\/schema.org\/ImageObject\" ><ul class='avia-slideshow-inner ' style='padding-bottom: 55.340699815838%;'><li  class='avia-slideshow-slide av-mie5xq6v-d3300df65be9f40908c3e2ce6c77d0ee__0  av-single-slide slide-1 slide-odd'><div data-rel='slideshow-1' class='avia-slide-wrap '   ><img decoding=\"async\" fetchpriority=\"high\" class=\"wp-image-1753 avia-img-lazy-loading-not-1753\"  src=\"https:\/\/gardetanzgruppe.de\/wp-content\/uploads\/2025\/11\/Funtastix-Kids_08-11-2025.png\" width=\"1086\" height=\"601\" title='Funtastix-Kids_08-11-2025' alt=''  itemprop=\"thumbnailUrl\" srcset=\"https:\/\/gardetanzgruppe.de\/wp-content\/uploads\/2025\/11\/Funtastix-Kids_08-11-2025.png 1086w, https:\/\/gardetanzgruppe.de\/wp-content\/uploads\/2025\/11\/Funtastix-Kids_08-11-2025-300x166.png 300w, https:\/\/gardetanzgruppe.de\/wp-content\/uploads\/2025\/11\/Funtastix-Kids_08-11-2025-1030x570.png 1030w, https:\/\/gardetanzgruppe.de\/wp-content\/uploads\/2025\/11\/Funtastix-Kids_08-11-2025-768x425.png 768w, https:\/\/gardetanzgruppe.de\/wp-content\/uploads\/2025\/11\/Funtastix-Kids_08-11-2025-705x390.png 705w\" sizes=\"(max-width: 1086px) 100vw, 1086px\" \/><\/div><\/li><\/ul><\/div><br \/>\n<section  class='av_textblock_section av-kuxxbt22-460cb3c6c1b1987df4680f38ecba0831 '   itemscope=\"itemscope\" itemtype=\"https:\/\/schema.org\/CreativeWork\" ><div class='avia_textblock'  itemprop=\"text\" ><p>Die Gardetanzgruppe <strong>&#8222;Die Funtastix Kids&#8220;<\/strong> sind der Nachwuchs unserer Gardetanzgruppe <span style=\"text-decoration: underline;\"><a href=\"https:\/\/gardetanzgruppe.de\/?page_id=551\"><strong>&#8222;Die Funtastix&#8220;<\/strong><\/a><\/span>.<\/p>\n<p>Die Gruppe trainiert das ganze Jahr und das Gro\u00dfe Ziel sind dann die Auftritte in der Fastnachtskampagne.<\/p>\n<p><strong>&#8222;Die Funtastix Kids&#8220;<\/strong> sind in der Kampagne mit einigen Auftritten unterwegs. Hierzu z\u00e4hlen Auftritte in der Wiesbadener und Mainzer Fastnacht, bei sozialen Fastnachtsveranstaltungen sowie Fastnachtssitzungen. Nicht zu vergessen unsere beiden vereinseigenen Sitzungen der TG Schierstein.<\/p>\n<p>Hinzu kommen noch die Teilnahmen am Wiesbadener Kinderumzug und dem Fastnachtsonntagszug in Wiesbaden.<\/p>\n<p><a href=\"https:\/\/gardetanzgruppe.de\/?page_id=55\"><strong><span style=\"text-decoration: underline;\">Interesse geweckt ?<\/span><\/strong><\/a><\/p>\n<\/div><\/section><br \/>\n\n<style type=\"text\/css\" data-created_by=\"avia_inline_auto\" id=\"style-css-av-m4zgsrya-4e230e16fd5becc8fb664437e20bc593\">\n#top .av-special-heading.av-m4zgsrya-4e230e16fd5becc8fb664437e20bc593{\npadding-bottom:10px;\n}\nbody .av-special-heading.av-m4zgsrya-4e230e16fd5becc8fb664437e20bc593 .av-special-heading-tag .heading-char{\nfont-size:25px;\n}\n.av-special-heading.av-m4zgsrya-4e230e16fd5becc8fb664437e20bc593 .av-subheading{\nfont-size:15px;\n}\n<\/style>\n<div  class='av-special-heading av-m4zgsrya-4e230e16fd5becc8fb664437e20bc593 av-special-heading-h3  avia-builder-el-8  el_after_av_textblock  el_before_av_textblock '><h3 class='av-special-heading-tag '  itemprop=\"headline\"  >Der Gardetanz&#8230;..<\/h3><div class=\"special-heading-border\"><div class=\"special-heading-inner-border\"><\/div><\/div><\/div><br \/>\n<section  class='av_textblock_section av-a3cdb-1cccfff0da03de6b6fc0c057fcdc4ab5 '   itemscope=\"itemscope\" itemtype=\"https:\/\/schema.org\/CreativeWork\" ><div class='avia_textblock'  itemprop=\"text\" ><p>Ein Bestandteil des karnevalistischen Tanzsports ist der Gardetanz.<\/p>\n<p>Der Gardetanz tanzt man in der Gruppe, als Paar (Tanzpaar) oder Solo (Tanzmariechen). Die Bezeichnungen &#8222;Marsch&#8220; und &#8222;Polka&#8220; stehen f\u00fcr die typischen Gardet\u00e4nze.<\/p>\n<p>Vielf\u00e4ltige Schrittkombinationen, Ballettelemente und Formationen (beispielsweise V\u00b4s, Diagonalen, Stern oder Halbkreis) sind Bestandteile des Gardetanzes. Auch akrobatische Einlagen, wie zum Beispiel Spagat, Streck\u00fcbung, Kicks oder R\u00e4der sind elementar f\u00fcr diesen Tanzstil. Pr\u00e4zision und Synchronit\u00e4t stehen dabei im Fokus.<\/p>\n<\/div><\/section><br \/>\n\n<style type=\"text\/css\" data-created_by=\"avia_inline_auto\" id=\"style-css-av-lou80msg-487f03088715f609133e8807aa347a7c\">\n#top .hr.hr-invisible.av-lou80msg-487f03088715f609133e8807aa347a7c{\nheight:25px;\n}\n<\/style>\n<div  class='hr av-lou80msg-487f03088715f609133e8807aa347a7c hr-invisible  avia-builder-el-10  el_after_av_textblock  avia-builder-el-last '><span class='hr-inner '><span class=\"hr-inner-style\"><\/span><\/span><\/div><\/p><\/div>\n\n<style type=\"text\/css\" data-created_by=\"avia_inline_auto\" id=\"style-css-av-x38r-403b2f655942cc9db9625b0d7637faeb\">\n.flex_column.av-x38r-403b2f655942cc9db9625b0d7637faeb{\nborder-radius:0px 0px 0px 0px;\npadding:0px 0px 0px 0px;\n}\n<\/style>\n<div  class='flex_column av-x38r-403b2f655942cc9db9625b0d7637faeb av_one_fourth  avia-builder-el-11  el_after_av_one_half  el_before_av_one_fourth  flex_column_div av-zero-column-padding  column-top-margin'     ><article  class='iconbox iconbox_top av-d6k87-38dcf67a5ec80fa9f26b8143e8b027b4  avia-builder-el-12  el_before_av_hr  avia-builder-el-first  main_color'  itemscope=\"itemscope\" itemtype=\"https:\/\/schema.org\/CreativeWork\" ><div class=\"iconbox_content\"><header class=\"entry-content-header\" aria-label=\"Icon: \"><div class='iconbox_icon heading-color avia-iconfont avia-font-entypo-fontello' data-av_icon='\ue81f' data-av_iconfont='entypo-fontello'  ><\/div><\/header><div class='iconbox_content_container '  itemprop=\"text\" ><h3 style=\"text-align: center;\">Alter<\/h3>\n<p style=\"text-align: center;\">8 bis ca. 13\/14 Jahre<\/p>\n<\/div><\/div><footer class=\"entry-footer\"><\/footer><\/article><br \/>\n\n<style type=\"text\/css\" data-created_by=\"avia_inline_auto\" id=\"style-css-av-aw33b-7a587d1f87bc550e649908b9e6fca3b4\">\n#top .hr.hr-invisible.av-aw33b-7a587d1f87bc550e649908b9e6fca3b4{\nheight:15px;\n}\n<\/style>\n<div  class='hr av-aw33b-7a587d1f87bc550e649908b9e6fca3b4 hr-invisible  avia-builder-el-13  el_after_av_icon_box  el_before_av_icon_box '><span class='hr-inner '><span class=\"hr-inner-style\"><\/span><\/span><\/div><br \/>\n<article  class='iconbox iconbox_top av-lgwr26zu-bdc92a9b2c66a526bd3bd19423edace2  avia-builder-el-14  el_after_av_hr  el_before_av_hr  main_color'  itemscope=\"itemscope\" itemtype=\"https:\/\/schema.org\/CreativeWork\" ><div class=\"iconbox_content\"><header class=\"entry-content-header\" aria-label=\"Icon: \"><div class='iconbox_icon heading-color avia-iconfont avia-font-entypo-fontello' data-av_icon='\ue862' data-av_iconfont='entypo-fontello'  ><\/div><\/header><div class='iconbox_content_container '  itemprop=\"text\" ><h3 style=\"text-align: center;\">Trainingszeit<\/h3>\n<p style=\"text-align: center;\">donnerstags<\/p>\n<p style=\"text-align: center;\">15:45 &#8211; 17:15 Uhr<\/p>\n<p style=\"text-align: center;\">Georg-Lang-Halle<br \/>\nM\u00f6wenstra\u00dfe 25<br \/>\n65201 Wiesbaden<\/p>\n<\/div><\/div><footer class=\"entry-footer\"><\/footer><\/article><br \/>\n\n<style type=\"text\/css\" data-created_by=\"avia_inline_auto\" id=\"style-css-av-lgwr3noi-1fe6f556c5c18300c2c426a56dbd49a6\">\n#top .hr.hr-invisible.av-lgwr3noi-1fe6f556c5c18300c2c426a56dbd49a6{\nheight:15px;\n}\n<\/style>\n<div  class='hr av-lgwr3noi-1fe6f556c5c18300c2c426a56dbd49a6 hr-invisible  avia-builder-el-15  el_after_av_icon_box  el_before_av_icon_box '><span class='hr-inner '><span class=\"hr-inner-style\"><\/span><\/span><\/div><br \/>\n<article  class='iconbox iconbox_top av-lgwrcsg3-c1b43547514b95b12ca6aada91ff547c  avia-builder-el-16  el_after_av_hr  avia-builder-el-last  main_color'  itemscope=\"itemscope\" itemtype=\"https:\/\/schema.org\/CreativeWork\" ><div class=\"iconbox_content\"><header class=\"entry-content-header\" aria-label=\"Icon: \"><div class='iconbox_icon heading-color avia-iconfont avia-font-entypo-fontello' data-av_icon='\ue805' data-av_iconfont='entypo-fontello'  ><\/div><\/header><div class='iconbox_content_container '  itemprop=\"text\" ><h3 style=\"text-align: center;\">Kontakt<\/h3>\n<p style=\"text-align: center;\"><a href=\"tel:01729118818\" target=\"_blank\" rel=\"noopener\">(0172) 911 88 18<\/a><\/p>\n<p style=\"text-align: center;\"><a href=\"mailto:info@gardetanzgruppe.de\" target=\"_blank\" rel=\"noopener\">info@gardetanzgruppe.de<\/a><\/p>\n<\/div><\/div><footer class=\"entry-footer\"><\/footer><\/article><\/p><\/div>\n<style type=\"text\/css\" data-created_by=\"avia_inline_auto\" id=\"style-css-av-wqozr-4bf59713c5d546ae693fe684d3bf616c\">\n.flex_column.av-wqozr-4bf59713c5d546ae693fe684d3bf616c{\nborder-radius:0px 0px 0px 0px;\npadding:0px 0px 0px 0px;\n}\n<\/style>\n<div  class='flex_column av-wqozr-4bf59713c5d546ae693fe684d3bf616c av_one_fourth  avia-builder-el-17  el_after_av_one_fourth  avia-builder-el-last  flex_column_div av-zero-column-padding  column-top-margin'     ><article  class='iconbox iconbox_top av-lgwqrjf2-e8681dccb53123ffc29fce9db064d2af  avia-builder-el-18  avia-builder-el-no-sibling  main_color'  itemscope=\"itemscope\" itemtype=\"https:\/\/schema.org\/CreativeWork\" ><div class=\"iconbox_content\"><header class=\"entry-content-header\" aria-label=\"Icon: \"><div class='iconbox_icon heading-color avia-iconfont avia-font-entypo-fontello' data-av_icon='\ue80b' data-av_iconfont='entypo-fontello'  ><\/div><\/header><div class='iconbox_content_container '  itemprop=\"text\" ><p style=\"text-align: center;\"><span style=\"text-decoration: underline;\"><strong>Trainerin<\/strong><\/span><\/p>\n<p style=\"text-align: center;\">Katja M\u00fchling<\/p>\n<p style=\"text-align: center;\"><img loading=\"lazy\" decoding=\"async\" class=\"alignnone size-full wp-image-177\" src=\"..\/wp-content\/uploads\/2021\/10\/Katja.jpg\" alt=\"\" width=\"153\" height=\"200\" \/><\/p>\n<p style=\"text-align: center;\"><span style=\"text-decoration: underline;\"><strong>Co-Trainer<\/strong><\/span><\/p>\n<p style=\"text-align: center;\">Feli Krost<br \/>\nMarc M\u00fchling<\/p>\n<p style=\"text-align: center;\"><span style=\"color: #ffffff;\">.<\/span><\/p>\n<p style=\"text-align: center;\"><span style=\"text-decoration: underline;\"><strong>Training &amp; Auftritte<\/strong><\/span><\/p>\n<p style=\"text-align: center;\">Marcus M\u00fchling<\/p>\n<p style=\"text-align: center;\"><img loading=\"lazy\" decoding=\"async\" class=\"alignnone size-full wp-image-178\" src=\"..\/wp-content\/uploads\/2021\/10\/Marcus.jpg\" alt=\"\" width=\"153\" height=\"200\" \/><\/p>\n<\/div><\/div><footer class=\"entry-footer\"><\/footer><\/article><\/div><\/p>\n","protected":false},"excerpt":{"rendered":"","protected":false},"author":1,"featured_media":0,"parent":47,"menu_order":3,"comment_status":"closed","ping_status":"closed","template":"","meta":{"footnotes":""},"class_list":["post-159","page","type-page","status-publish","hentry"],"publishpress_future_action":{"enabled":false,"date":"2026-04-19 03:36:00","action":"change-status","newStatus":"draft","terms":[],"taxonomy":"","extraData":[]},"publishpress_future_workflow_manual_trigger":{"enabledWorkflows":[]},"_links":{"self":[{"href":"https:\/\/gardetanzgruppe.de\/index.php?rest_route=\/wp\/v2\/pages\/159","targetHints":{"allow":["GET"]}}],"collection":[{"href":"https:\/\/gardetanzgruppe.de\/index.php?rest_route=\/wp\/v2\/pages"}],"about":[{"href":"https:\/\/gardetanzgruppe.de\/index.php?rest_route=\/wp\/v2\/types\/page"}],"author":[{"embeddable":true,"href":"https:\/\/gardetanzgruppe.de\/index.php?rest_route=\/wp\/v2\/users\/1"}],"replies":[{"embeddable":true,"href":"https:\/\/gardetanzgruppe.de\/index.php?rest_route=%2Fwp%2Fv2%2Fcomments&post=159"}],"version-history":[{"count":103,"href":"https:\/\/gardetanzgruppe.de\/index.php?rest_route=\/wp\/v2\/pages\/159\/revisions"}],"predecessor-version":[{"id":1915,"href":"https:\/\/gardetanzgruppe.de\/index.php?rest_route=\/wp\/v2\/pages\/159\/revisions\/1915"}],"up":[{"embeddable":true,"href":"https:\/\/gardetanzgruppe.de\/index.php?rest_route=\/wp\/v2\/pages\/47"}],"wp:attachment":[{"href":"https:\/\/gardetanzgruppe.de\/index.php?rest_route=%2Fwp%2Fv2%2Fmedia&parent=159"}],"curies":[{"name":"wp","href":"https:\/\/api.w.org\/{rel}","templated":true}]}}